{"id":5541,"date":"2021-06-10T13:19:34","date_gmt":"2021-06-10T13:19:34","guid":{"rendered":"https:\/\/e-cosmeticos.com\/?post_type=product&#038;p=5541"},"modified":"2025-11-01T19:16:07","modified_gmt":"2025-11-01T22:16:07","slug":"monzina-smart-solution","status":"publish","type":"product","link":"https:\/\/e-cosmeticos.com\/it\/prodotto\/monzina-smart-solution\/","title":{"rendered":"Monzina Smart Solution 1L"},"content":{"rendered":"<p style=\"border: 0px; margin: 0px 0px 1.6em; padding: 0px; vertical-align: baseline; color: #686868; font-family: 'Noto Sans', sans-serif; text-align: justify;\">\u2981 Do the lock test before using the product.<\/p>\n<p style=\"border: 0px; margin: 0px 0px 1.6em; padding: 0px; vertical-align: baseline; color: #686868; font-family: 'Noto Sans', sans-serif; text-align: justify;\">\u2981\u00a0Wear suitable gloves. Wash hair with shampoo 2 to 3 times.<\/p>\n<p style=\"border: 0px; margin: 0px 0px 1.6em; padding: 0px; vertical-align: baseline; color: #686868; font-family: 'Noto Sans', sans-serif; text-align: justify;\">\u2981 Dry the hair in about 80%, separate the hair into 4 parts and apply the product strand by strand using a pencil, align the hair with a fine comb and let it act for 60 minutes.<\/p>\n<p style=\"border: 0px; margin: 0px 0px 1.6em; padding: 0px; vertical-align: baseline; color: #686868; font-family: 'Noto Sans', sans-serif; text-align: justify;\">\u2981\u00a0Rinse 80% of product with water, blow dry with hair dryer and flat iron in fine hair strand 10-15 times each.<\/p>\n<p style=\"border: 0px; margin: 0px 0px 1.6em; padding: 0px; vertical-align: baseline; color: #686868; font-family: 'Noto Sans', sans-serif; text-align: justify;\">\u2981\u00a0Wait 15 minutes and then thoroughly wash the hair using shampoo and conditioner Monzina Smart.<\/p>\n<p style=\"border: 0px; margin: 0px 0px 1.6em; padding: 0px; vertical-align: baseline; color: #686868; font-family: 'Noto Sans', sans-serif; text-align: justify;\">(*) Test ciocca: Scegli una ciocca di capelli sulla sommit\u00e0 della testa ed esegui tutti i passaggi indicati nel \u201cModo d&#039;uso\u201d. Osserva l&#039;evoluzione della lisciatura, donando la resistenza del capello al risultato desiderato. Controlla eventuali cambiamenti indesiderati nel filo. In caso di dubbi sullo stato del capello, in caso di alterazioni indesiderate della ciocca o in caso di irritazione, non applicare il prodotto.<\/p>\n<p>&nbsp;<\/p>\n<p>&nbsp;<\/p>\n<p>&nbsp;<\/p>\n<p>&nbsp;<\/p>\n<p>&nbsp;<\/p>\n<p><span style=\"color: #686868; font-family: 'Noto Sans', sans-serif; text-align: justify;\">\u2981\u00a0 Maximum smoothing and strengthening.<\/span><br style=\"color: #686868; font-family: 'Noto Sans', sans-serif; text-align: justify;\" \/><span style=\"color: #686868; font-family: 'Noto Sans', sans-serif; text-align: justify;\">\u2981\u00a0 Long lasting results with natural movement and glowing.<\/span><br style=\"color: #686868; font-family: 'Noto Sans', sans-serif; text-align: justify;\" \/><span style=\"color: #686868; font-family: 'Noto Sans', sans-serif; text-align: justify;\">\u2981\u00a0 Formaldehyde and derivatives free.<\/span><br style=\"color: #686868; font-family: 'Noto Sans', sans-serif; text-align: justify;\" \/><span style=\"color: #686868; font-family: 'Noto Sans', sans-serif; text-align: justify;\">\u2981\u00a0 Proudly made in Brazil.<\/span><br style=\"color: #686868; font-family: 'Noto Sans', sans-serif; text-align: justify;\" \/><span style=\"color: #686868; font-family: 'Noto Sans', sans-serif; text-align: justify;\">\u2981 Senza parabeni.<\/span><br style=\"color: #686868; font-family: 'Noto Sans', sans-serif; text-align: justify;\" \/><span style=\"color: #686868; font-family: 'Noto Sans', sans-serif; text-align: justify;\">\u2981 Cruelty free.<\/span><\/p>\n<p>&nbsp;<\/p>\n<p>&nbsp;<\/p>\n<p><span style=\"color: #686868; font-family: 'Noto Sans', sans-serif; text-align: justify;\">Uso esterno. Conservare fuori dalla portata dei bambini in un luogo fresco e asciutto. In caso di contatto con gli occhi, sciacquare abbondantemente con acqua. In caso di irritazione, interrompere l&#039;uso e consultare un medico. Non applicare se il cuoio capelluto mostra irritazioni o abrasioni. Non utilizzare se si \u00e8 allergici a qualsiasi componente della formulazione o se il prodotto cambia aspetto<\/span><\/p>\n<p><span style=\"color: #686868; font-family: 'Noto Sans', sans-serif; text-align: justify;\"><strong>Ingredienti: <\/strong>Aqua, Cetearyl Alcohol, Cetrimonium Chloride, Glycerin, Paraffinum Liquidum, Stearamidopropyl Dimethylamine, Propylene Glycol, Hydroxypropyl Starch Phosphate, Ceteareth-20, Polyquaternium-7, Butyrospermum Parkii Butter, Dimethicone, Lactic Acid, Hydrolyzed Silk, Fucus Vesiculosus Extract, Hydrolyzed Wheat Protein, Arginine, Serine, Proline, Glycine, Alanine, Glutamic Acid,Aspartic Acid, Threonine, Isoleucine, Valine, Histidine HCL, Phenylalanine, Phenoxyethanol, Sodium PCA, Argania Spinosa Kernel Oil, Macadamia Ternifolia Nut Oil, Chamomilla Recutita Flower Extract, Camellia Sinensis Leaf Extract, Persea Gratissima (Avocado) Oil, Chenopodium Quinoa Extract, Disodium EDTA, Parfum, Benzyl Benzoate, Coumarin, Hydroxycitronellal, Chlorhexidine Digluconate, CI 16035.<br \/>\n<\/span><\/p>","protected":false},"excerpt":{"rendered":"<p>Monzina Smart Solution \u00e8 una combinazione di principi attivi biotecnologici che lavorano insieme per lisciare i capelli duri. La formula ha asset essenziali per un completo recupero della stiratura dei capelli e nutrimento in completa sicurezza. D\u00ec addio a prodotti chimici aggressivi e conservanti. Con Smart Solution i capelli acquistano un aspetto pi\u00f9 naturale, con luminosit\u00e0 intensa e rimangono sani e privi di aggressioni.<\/p>","protected":false},"featured_media":5540,"comment_status":"open","ping_status":"closed","template":"","meta":[],"product_brand":[],"product_cat":[623,491],"product_tag":[],"class_list":{"0":"post-5541","1":"product","2":"type-product","3":"status-publish","4":"has-post-thumbnail","6":"product_cat-hair","7":"product_cat-smoothing","9":"first","10":"instock","11":"taxable","12":"shipping-taxable","13":"purchasable","14":"product-type-simple"},"_links":{"self":[{"href":"https:\/\/e-cosmeticos.com\/it\/wp-json\/wp\/v2\/product\/5541","targetHints":{"allow":["GET"]}}],"collection":[{"href":"https:\/\/e-cosmeticos.com\/it\/wp-json\/wp\/v2\/product"}],"about":[{"href":"https:\/\/e-cosmeticos.com\/it\/wp-json\/wp\/v2\/types\/product"}],"replies":[{"embeddable":true,"href":"https:\/\/e-cosmeticos.com\/it\/wp-json\/wp\/v2\/comments?post=5541"}],"wp:featuredmedia":[{"embeddable":true,"href":"https:\/\/e-cosmeticos.com\/it\/wp-json\/wp\/v2\/media\/5540"}],"wp:attachment":[{"href":"https:\/\/e-cosmeticos.com\/it\/wp-json\/wp\/v2\/media?parent=5541"}],"wp:term":[{"taxonomy":"product_brand","embeddable":true,"href":"https:\/\/e-cosmeticos.com\/it\/wp-json\/wp\/v2\/product_brand?post=5541"},{"taxonomy":"product_cat","embeddable":true,"href":"https:\/\/e-cosmeticos.com\/it\/wp-json\/wp\/v2\/product_cat?post=5541"},{"taxonomy":"product_tag","embeddable":true,"href":"https:\/\/e-cosmeticos.com\/it\/wp-json\/wp\/v2\/product_tag?post=5541"}],"curies":[{"name":"wp","href":"https:\/\/api.w.org\/{rel}","templated":true}]}}