{"id":6398,"date":"2021-08-03T14:41:12","date_gmt":"2021-08-03T14:41:12","guid":{"rendered":"https:\/\/e-cosmeticos.com\/?post_type=product&#038;p=6398"},"modified":"2021-09-27T17:51:01","modified_gmt":"2021-09-27T20:51:01","slug":"gold-caviar-hair-straightener","status":"publish","type":"product","link":"https:\/\/e-cosmeticos.com\/it\/prodotto\/gold-caviar-hair-straightener\/","title":{"rendered":"Piastra per capelli Gold Caviar"},"content":{"rendered":"<p class=\"aLF-aPX-K0-aPE\">The Gold Caviar Hair Straightner is an excelent hair straightning flat iron with professional level IC. It is made with nano titanium with ceramic and tourmaline plates to conduct heat and maintain stability in ultra hight temperatures. Not only it heats up fast in seconds, the ceramic MHC heating elements with infrared heat provide negative ions that makes your hair shiny and smooth.<\/p>\n<p class=\"aLF-aPX-K0-aPE\"><strong>CARATTERISTICHE:<\/strong><\/p>\n<p class=\"aLF-aPX-K0-aPE\">Questo \u00e8 un eccellente ferro da stiro per capelli con IC di livello professionale.<\/p>\n<p class=\"aLF-aPX-K0-aPE\">Lo schermo LCD digitale super grande ti mostra una visione chiara.<\/p>\n<p class=\"aLF-aPX-K0-aPE\">Gli elementi riscaldanti in ceramica MCH con calore a infrarossi forniscono ioni negativi che rendono i capelli lucidi e lisci.<\/p>\n<p class=\"aLF-aPX-K0-aPE\">Calore veloce in pochi secondi. Il nano titanio con piastre in ceramica e tormalina conduce il calore e mantiene la stabilit\u00e0 a temperature ultra elevate.<\/p>\n<p class=\"aLF-aPX-K0-aPE\">La tensione universale si adatta automaticamente alla tensione locale per prestazioni ottimali.<\/p>\n<p class=\"aLF-aPX-K0-aPE\">Diritto, curl e flip in uno con corpo curvo e bordo arrotondato.<\/p>\n<p class=\"aLF-aPX-K0-aPE\">Cavo lungo professionale girevole a 360 gradi con gancio per appenderlo.<\/p>\n<p class=\"aLF-aPX-K0-aPE\">Funzione di spegnimento automatico.<\/p>\n<p class=\"aLF-aPX-K0-aPE\">Pulsante di blocco della temperatura e pulsanti di scelta rapida.<\/p>","protected":false},"excerpt":{"rendered":"<div>La piastra per capelli Gold Caviar \u00e8 un&#039;eccellente piastra lisciante per capelli con IC di livello professionale. \u00c8 realizzato in nano titanio con piastre in ceramica e tormalina per condurre il calore e mantenere la stabilit\u00e0 a temperature ultra elevate.<\/div>\n<div><\/div>\n<div>Non solo si riscalda velocemente in pochi secondi, gli elementi riscaldanti in ceramica MHC con calore a infrarossi forniscono ioni negativi che rendono i capelli lucenti e lisci.<\/div>\n<p>CARATTERISTICHE:<\/p>\n<p>Questo \u00e8 un eccellente ferro da stiro per capelli con IC di livello professionale.<\/p>\n<p>Lo schermo LCD digitale super grande ti mostra una visione chiara.<\/p>\n<p>Gli elementi riscaldanti in ceramica MCH con calore a infrarossi forniscono ioni negativi che rendono i capelli lucidi e lisci.<\/p>\n<p>Calore veloce in pochi secondi. Il nano titanio con piastre in ceramica e tormalina conduce il calore e mantiene la stabilit\u00e0 a temperature ultra elevate.<\/p>\n<p>La tensione universale si adatta automaticamente alla tensione locale per prestazioni ottimali.<\/p>\n<p>Diritto, curl e flip in uno con corpo curvo e bordo arrotondato.<\/p>\n<p>Cavo lungo professionale girevole a 360 gradi con gancio per appenderlo.<\/p>\n<p>Funzione di spegnimento automatico.<\/p>\n<p>Pulsante di blocco della temperatura e pulsanti di scelta rapida.<\/p>","protected":false},"featured_media":6632,"comment_status":"open","ping_status":"closed","template":"","meta":[],"product_brand":[],"product_cat":[472],"product_tag":[],"class_list":{"0":"post-6398","1":"product","2":"type-product","3":"status-publish","4":"has-post-thumbnail","6":"product_cat-hair-straighteners-flat-irons","8":"first","9":"outofstock","10":"taxable","11":"shipping-taxable","12":"purchasable","13":"product-type-simple"},"_links":{"self":[{"href":"https:\/\/e-cosmeticos.com\/it\/wp-json\/wp\/v2\/product\/6398","targetHints":{"allow":["GET"]}}],"collection":[{"href":"https:\/\/e-cosmeticos.com\/it\/wp-json\/wp\/v2\/product"}],"about":[{"href":"https:\/\/e-cosmeticos.com\/it\/wp-json\/wp\/v2\/types\/product"}],"replies":[{"embeddable":true,"href":"https:\/\/e-cosmeticos.com\/it\/wp-json\/wp\/v2\/comments?post=6398"}],"wp:featuredmedia":[{"embeddable":true,"href":"https:\/\/e-cosmeticos.com\/it\/wp-json\/wp\/v2\/media\/6632"}],"wp:attachment":[{"href":"https:\/\/e-cosmeticos.com\/it\/wp-json\/wp\/v2\/media?parent=6398"}],"wp:term":[{"taxonomy":"product_brand","embeddable":true,"href":"https:\/\/e-cosmeticos.com\/it\/wp-json\/wp\/v2\/product_brand?post=6398"},{"taxonomy":"product_cat","embeddable":true,"href":"https:\/\/e-cosmeticos.com\/it\/wp-json\/wp\/v2\/product_cat?post=6398"},{"taxonomy":"product_tag","embeddable":true,"href":"https:\/\/e-cosmeticos.com\/it\/wp-json\/wp\/v2\/product_tag?post=6398"}],"curies":[{"name":"wp","href":"https:\/\/api.w.org\/{rel}","templated":true}]}}