{"id":6404,"date":"2021-08-03T15:00:29","date_gmt":"2021-08-03T15:00:29","guid":{"rendered":"https:\/\/e-cosmeticos.com\/?post_type=product&#038;p=6404"},"modified":"2021-09-27T17:43:35","modified_gmt":"2021-09-27T20:43:35","slug":"gold-caviar-ultra-light-dryer","status":"publish","type":"product","link":"https:\/\/e-cosmeticos.com\/it\/prodotto\/gold-caviar-ultra-light-dryer\/","title":{"rendered":"Asciugatrice ultraleggera Gold Caviar"},"content":{"rendered":"<div>\n<p><span lang=\"EN-US\">Questo<\/span><span lang=\"EN-US\">\u00a0\u00c8\u00a0<\/span><span lang=\"EN-US\">a<\/span><span lang=\"EN-US\">\u00a0<\/span><span lang=\"EN-US\">turbo<\/span><span lang=\"EN-US\">\u00a0<\/span><span lang=\"EN-US\">Nano ionico<\/span><span lang=\"EN-US\">\u00a0<\/span><span lang=\"EN-US\">Asciugacapelli professionale<\/span><span lang=\"EN-US\">.\u00a0<\/span><span lang=\"EN-US\">Esso\u00a0<\/span><span lang=\"EN-US\">\u00e8 uno dei\u00a0<\/span><span lang=\"EN-US\">migliori asciugacapelli professionali<\/span><span lang=\"EN-US\">\u00a0grazie alla sua qualit\u00e0 superiore e alle sue elevate prestazioni. Questo professionista<\/span><span lang=\"EN-US\">\u00a0ultravelocit\u00e0<\/span><span lang=\"EN-US\">\u00a0L&#039;asciugacapelli di lusso \u00e8 progettato per essere ergonomico,<\/span><span lang=\"EN-US\">\u00a0piuma<\/span><span lang=\"EN-US\">\u00a0e capelli secchi\u00a0<\/span><span lang=\"EN-US\">meno di 10 minuti<\/span><span lang=\"EN-US\">,\u00a0<\/span><span lang=\"EN-US\">fornendo al contempo una stabilit\u00e0\u00a0<\/span><span lang=\"EN-US\">temperatura e flusso d&#039;aria per proteggere le cuticole dei capelli\u00a0<\/span><span lang=\"EN-US\">e prevenire<\/span><span lang=\"EN-US\">\u00a0danni.<\/span><\/p>\n<\/div>\n<div>\n<p><span lang=\"EN-US\">Questo<b>\u00a0<\/b><\/span><span lang=\"EN-US\">\u00c8\u00a0<\/span><span lang=\"EN-US\">meno di 1 libbra<\/span><span lang=\"EN-US\">, con il\u00a0<\/span><span lang=\"EN-US\">di nuova innovazione\u00a0<\/span><span lang=\"EN-US\">motore senza spazzole, che genera\u00a0<\/span><span lang=\"EN-US\">alta velocit\u00e0 mentre dura pi\u00f9 di\u00a0<\/span><span lang=\"EN-US\">5000 ore.\u00a0<\/span><span lang=\"EN-US\">Il\u00a0<\/span><span lang=\"EN-US\">nano ionico<\/span><span lang=\"EN-US\">\u00a0e tormalina<\/span><span lang=\"EN-US\">\u00a0elemento riscaldante a infusione produce\u00a0<\/span><span lang=\"EN-US\">ioni negativi<\/span><span lang=\"EN-US\">\u00a0<\/span><span lang=\"EN-US\">eliminare\u00a0<\/span><span lang=\"EN-US\">crespo e sigilla i capelli<\/span><span lang=\"EN-US\">\u00a0cuticole,\u00a0<\/span><span lang=\"EN-US\">Per capelli pi\u00f9 lucenti e dall&#039;aspetto sano.\u00a0<\/span><\/p>\n<\/div>\n<div>\n<p>&nbsp;<\/p>\n<\/div>\n<div>\n<p><span lang=\"EN-US\">Caratteristiche e vantaggi:<\/span><\/p>\n<p><span lang=\"EN-US\">\u00a0 \u00a0 \u00a0 \u00a0Nuovo<\/span><span lang=\"EN-US\">innovato\u00a0<\/span><span lang=\"EN-US\">superpotenza\u00a0<\/span><span lang=\"EN-US\">lungo<\/span><span lang=\"EN-US\">gl<\/span><span lang=\"EN-US\">vita\u00a0<\/span><span lang=\"EN-US\">motore senza spazzole<\/span><\/p>\n<\/div>\n<div>\n<ul>\n<li><span lang=\"EN-US\">Nano i<\/span><span lang=\"EN-US\">tecnologia ionica e tormalina<\/span><\/li>\n<li><span lang=\"EN-US\">Aumenta l&#039;idratazione e la lucentezza mentre\u00a0<\/span><span lang=\"EN-US\">Asciuga i capelli in meno di 10 minuti<\/span><\/li>\n<li><span lang=\"EN-US\">Leggerissimo, facile da usare, ecc.<\/span><span lang=\"EN-US\">o amichevole<\/span><span lang=\"EN-US\">\u00a0e una comoda impugnatura<\/span><\/li>\n<li><span lang=\"EN-US\">Motore di lunga durata<\/span><span lang=\"EN-US\">\u00a0scorso<\/span><span lang=\"EN-US\">s per pi\u00f9 di<\/span><span lang=\"EN-US\">\u00a0<\/span><span lang=\"EN-US\">5,000\u00a0<\/span><span lang=\"EN-US\">ORE<\/span><\/li>\n<li><span lang=\"EN-US\">Produce\u00a0<\/span><span lang=\"EN-US\">50%<\/span><span lang=\"EN-US\">\u00a0<\/span><span lang=\"EN-US\">meno rumore<\/span><\/li>\n<li><span lang=\"EN-US\">Tubo anteriore termoregolato per una migliore presa<\/span><\/li>\n<li><span lang=\"EN-US\">3\u00a0<\/span><span lang=\"EN-US\">IMPOSTAZIONI DI VELOCIT\u00c0<\/span><span lang=\"EN-US\">\/ 3\u00a0<\/span><span lang=\"EN-US\">IMPOSTAZIONI DELLA TEMPERATURA<\/span><span lang=\"EN-US\">\u00a0con pulsante per erogazione istantanea di aria fredda<\/span><\/li>\n<li><span lang=\"EN-US\">CAVO DI ALIMENTAZIONE DA 3 METRI<\/span><span lang=\"EN-US\">\u00a0per uso professionale<\/span><\/li>\n<li><span lang=\"EN-US\">Dotato di 2 ugelli a scatto termoregolati<\/span><\/li>\n<\/ul>\n<\/div>","protected":false},"excerpt":{"rendered":"<p>Questo \u00e8 un asciugacapelli professionale turbo Nano Ionic. \u00c8 uno dei migliori essiccatoi professionali per la sua qualit\u00e0 superiore e le alte prestazioni. Questo asciugacapelli professionale di lusso ultra-veloce \u00e8 progettato per essere ergonomico, leggero come una piuma e asciugare i capelli in meno di 10 minuti, fornendo una temperatura e un flusso d&#039;aria stabili per proteggere le cuticole dei capelli e prevenire danni.<\/p>\n<p>Questo \u00e8 meno di 1 libbra, con il motore brushless di recente innovazione, che genera un&#039;alta velocit\u00e0 mentre dura per pi\u00f9 di 5000 ore. L&#039;elemento riscaldante infuso di nano ioni e tormalina produce ioni negativi per eliminare l&#039;effetto crespo e sigillare le cuticole dei capelli, per una maggiore lucentezza e capelli dall&#039;aspetto sano.<\/p>","protected":false},"featured_media":6628,"comment_status":"open","ping_status":"closed","template":"","meta":[],"product_brand":[],"product_cat":[471],"product_tag":[],"class_list":{"0":"post-6404","1":"product","2":"type-product","3":"status-publish","4":"has-post-thumbnail","6":"product_cat-hair-dryers","8":"first","9":"outofstock","10":"taxable","11":"shipping-taxable","12":"purchasable","13":"product-type-simple"},"_links":{"self":[{"href":"https:\/\/e-cosmeticos.com\/it\/wp-json\/wp\/v2\/product\/6404","targetHints":{"allow":["GET"]}}],"collection":[{"href":"https:\/\/e-cosmeticos.com\/it\/wp-json\/wp\/v2\/product"}],"about":[{"href":"https:\/\/e-cosmeticos.com\/it\/wp-json\/wp\/v2\/types\/product"}],"replies":[{"embeddable":true,"href":"https:\/\/e-cosmeticos.com\/it\/wp-json\/wp\/v2\/comments?post=6404"}],"wp:featuredmedia":[{"embeddable":true,"href":"https:\/\/e-cosmeticos.com\/it\/wp-json\/wp\/v2\/media\/6628"}],"wp:attachment":[{"href":"https:\/\/e-cosmeticos.com\/it\/wp-json\/wp\/v2\/media?parent=6404"}],"wp:term":[{"taxonomy":"product_brand","embeddable":true,"href":"https:\/\/e-cosmeticos.com\/it\/wp-json\/wp\/v2\/product_brand?post=6404"},{"taxonomy":"product_cat","embeddable":true,"href":"https:\/\/e-cosmeticos.com\/it\/wp-json\/wp\/v2\/product_cat?post=6404"},{"taxonomy":"product_tag","embeddable":true,"href":"https:\/\/e-cosmeticos.com\/it\/wp-json\/wp\/v2\/product_tag?post=6404"}],"curies":[{"name":"wp","href":"https:\/\/api.w.org\/{rel}","templated":true}]}}