{"id":6412,"date":"2021-08-03T15:43:05","date_gmt":"2021-08-03T15:43:05","guid":{"rendered":"https:\/\/e-cosmeticos.com\/?post_type=product&#038;p=6412"},"modified":"2022-09-05T14:41:24","modified_gmt":"2022-09-05T17:41:24","slug":"trata-gold-flash-cells-12x15ml","status":"publish","type":"product","link":"https:\/\/e-cosmeticos.com\/it\/prodotto\/trata-gold-flash-cells-12x15ml\/","title":{"rendered":"Trata Gold Flash Cellule 12x15ml"},"content":{"rendered":"<p>La Fiala di Crema Istantanea 15ml \u00e8 una dose di trattamento rapido e intensivo per capelli, che dona morbidezza e setosit\u00e0 istantanea. \u00c8 arricchito con olio di cocco e mandorle, che fornisce nutrimento, morbidezza e lucentezza. \u00c8 una formula concentrata da preparare solo al momento dell&#039;applicazione.<\/p>\n<p><strong>Way of preparation:<\/strong><\/p>\n<p>Pour the entire ampoule content into a bowl. Slowly add approximately 100 ml of warm water (the exact quantity of water to prepare the cream may vary depending on the desired consistency). Use a brush for mixing. Beat it until you get a consistent, smooth and shiny cream. Apply on the hair, leave for a few minutes and rinse thoroughly.<\/p>\n<p><strong>Obs .:<\/strong> This concentrated base may solidify in cooler days and locations. Heat the bottle with the heat of the dryer or water from the shower or sink that quickly return to the liquid state and can be used immediately.<\/p>\n<p><strong>ingredienti<\/strong><\/p>\n<p>Alcohol, Cetearyl Alcohol, Cetyl Alcohol, Stearamidopropyl Dimethylamine, Paraffinum Liquidum, Lactic Acid, C12-15 Alkyl Benzoate, Cetrimonium Chloride, Propylene Glycol, Glycerin, Argania Spinosa Kernel Oil, Prunus Amygdalus Dulcis (Sweet Almond) Oil, Cocos Nucifera Oil, Benzotriazolyl Dodecyl P-Cresol, Dipropylene Glycol, Polysilicone-29, Tocopheryl Acetate, Retinyl Palmitate, Chlorhexidine Digluconate, Fragrance, Citral, Citronellol, Eugenol, Geraniol, Limonene, Linalool, CI 16035.<\/p>","protected":false},"excerpt":{"rendered":"<p>La Fiala di Crema Istantanea 15ml \u00e8 una dose di trattamento rapido e intensivo per capelli, che dona morbidezza e setosit\u00e0 istantanea. \u00c8 arricchito con olio di cocco e mandorle, che fornisce nutrimento, morbidezza e lucentezza. \u00c8 una formula concentrata da preparare solo al momento dell&#039;applicazione.<\/p>","protected":false},"featured_media":6410,"comment_status":"open","ping_status":"closed","template":"","meta":[],"product_brand":[],"product_cat":[623,489],"product_tag":[],"class_list":{"0":"post-6412","1":"product","2":"type-product","3":"status-publish","4":"has-post-thumbnail","6":"product_cat-hair","7":"product_cat-treatment","9":"first","10":"instock","11":"taxable","12":"shipping-taxable","13":"purchasable","14":"product-type-simple"},"_links":{"self":[{"href":"https:\/\/e-cosmeticos.com\/it\/wp-json\/wp\/v2\/product\/6412","targetHints":{"allow":["GET"]}}],"collection":[{"href":"https:\/\/e-cosmeticos.com\/it\/wp-json\/wp\/v2\/product"}],"about":[{"href":"https:\/\/e-cosmeticos.com\/it\/wp-json\/wp\/v2\/types\/product"}],"replies":[{"embeddable":true,"href":"https:\/\/e-cosmeticos.com\/it\/wp-json\/wp\/v2\/comments?post=6412"}],"wp:featuredmedia":[{"embeddable":true,"href":"https:\/\/e-cosmeticos.com\/it\/wp-json\/wp\/v2\/media\/6410"}],"wp:attachment":[{"href":"https:\/\/e-cosmeticos.com\/it\/wp-json\/wp\/v2\/media?parent=6412"}],"wp:term":[{"taxonomy":"product_brand","embeddable":true,"href":"https:\/\/e-cosmeticos.com\/it\/wp-json\/wp\/v2\/product_brand?post=6412"},{"taxonomy":"product_cat","embeddable":true,"href":"https:\/\/e-cosmeticos.com\/it\/wp-json\/wp\/v2\/product_cat?post=6412"},{"taxonomy":"product_tag","embeddable":true,"href":"https:\/\/e-cosmeticos.com\/it\/wp-json\/wp\/v2\/product_tag?post=6412"}],"curies":[{"name":"wp","href":"https:\/\/api.w.org\/{rel}","templated":true}]}}