{"id":6641,"date":"2021-09-28T12:27:43","date_gmt":"2021-09-28T15:27:43","guid":{"rendered":"https:\/\/e-cosmeticos.com\/en\/?post_type=product&#038;p=6641"},"modified":"2025-11-02T22:32:43","modified_gmt":"2025-11-03T01:32:43","slug":"flamingo-lifting-capilar-1l","status":"publish","type":"product","link":"https:\/\/e-cosmeticos.com\/it\/prodotto\/flamingo-lifting-capilar-1l\/","title":{"rendered":"Flamingo Lifting Capillare 1L"},"content":{"rendered":"<p>\u00c8 una bioplastica capillare che favorisce il perfetto connubio tra innovazione e praticit\u00e0 con un&#039;unica applicazione.<\/p>\n<p>&nbsp;<\/p>\n<p><strong>Benefici<\/strong><\/p>\n<ul>\n<li>Proteggi i cavi dall&#039;acqua di mare, dal cloro della piscina.<\/li>\n<li>Protegge dai raggi UVB e UVA.<\/li>\n<li>Protezione per ferro da stiro e asciugatrice.<\/li>\n<li>Protegge l&#039;attrito dai pettini.<\/li>\n<li>Nutre i fili con risultato immediato.<\/li>\n<\/ul>\n<p>&nbsp;<\/p>\n<p><strong>Come usare<\/strong><\/p>\n<ol>\n<li>Applicare il Lifting Capilar Bio-Restore sui capelli puliti e asciutti.<\/li>\n<li>Con l&#039;aiuto di un pennello per tinture per capelli, applicare il prodotto a mezzo centimetro dalle radici Strand by Strand, utilizzando un pettine a denti fini per una migliore distribuzione del prodotto. Lasciare agire per 40-60 minuti, secondo la necessit\u00e0 del filo.<\/li>\n<li>\u00a0Terminata la pausa, accompagnare la cliente al lavabo per risciacquare i capelli rimuovendo solo l&#039;eccesso di prodotto per facilitare il completamento.<\/li>\n<li>Pulisci e asciuga completamente i capelli con l&#039;aiuto di una spazzola e un asciugacapelli. 5. Stirare con una piastra per capelli in nano-titanio su ciocche sottili circa 10 volte in media ciascuna ciocca fino a sigillare le ciocche.<\/li>\n<\/ol>\n<p>&nbsp;<\/p>\n<p><strong>Prova di blocco<\/strong><\/p>\n<p>Fai sempre un test di blocco, anche se lo hai usato prima. Questo \u00e8 importante perch\u00e9 normalmente il capello subisce i pi\u00f9 svariati processi che possono danneggiarlo e renderlo fragile ed elastico. \u00c8 un segno che il capello non \u00e8 in grado di utilizzare il prodotto e che dovrebbe ricevere un altro tipo di trattamento.<\/p>\n<p>&nbsp;<\/p>\n<p><strong>ingredienti<\/strong><\/p>\n<p>Acqua, Behentrimonium Methosulfate, Cetearyl Alcohol, Paraffinum Liquidum, Propylene Glycol, Vitis Vinifera Seed Oil, Butyrospermum Parkii (Shea) Butter, Peg-90m, Hydrolyzed Wheat Protein, Avena Sativa (avena) Kernel Protein, Prunus Amygdalus Dulcis (Mandorle dolci) , Stearato di sodio, cloruro di sodio, olio di Cocos Nucifera, estratto di frutta di Pyrus Malus (mela), estratto di frutta di Pyrus Communis, Polyquaternium 7, cloruro di idrossipropiltrimonio di guar, ciclopentasilossano, dimeticonolo, dimeticone, dimeticone crosspolimero, metilcloroisotiazolinone, acido citrico, metilacido isotiazolinone, metil Acido Lattico, Fragranza, Butylphenyl Metilpropional, Isomethyl Ionone, Benzyl Benzoate, Citronellol, Coumarin, D-Limonene, Geraniol, Hexyl Cinnamal, Isoeugenol, Linalool, CI 19140, CI 73015.<\/p>\n<p>&nbsp;<\/p>","protected":false},"excerpt":{"rendered":"<p>\u00c8 una bioplastica capillare che favorisce il perfetto connubio tra innovazione e praticit\u00e0 con un&#039;unica applicazione.<\/p>","protected":false},"featured_media":6640,"comment_status":"open","ping_status":"closed","template":"","meta":[],"product_brand":[],"product_cat":[623,491],"product_tag":[],"class_list":{"0":"post-6641","1":"product","2":"type-product","3":"status-publish","4":"has-post-thumbnail","6":"product_cat-hair","7":"product_cat-smoothing","9":"first","10":"instock","11":"taxable","12":"shipping-taxable","13":"purchasable","14":"product-type-simple"},"_links":{"self":[{"href":"https:\/\/e-cosmeticos.com\/it\/wp-json\/wp\/v2\/product\/6641","targetHints":{"allow":["GET"]}}],"collection":[{"href":"https:\/\/e-cosmeticos.com\/it\/wp-json\/wp\/v2\/product"}],"about":[{"href":"https:\/\/e-cosmeticos.com\/it\/wp-json\/wp\/v2\/types\/product"}],"replies":[{"embeddable":true,"href":"https:\/\/e-cosmeticos.com\/it\/wp-json\/wp\/v2\/comments?post=6641"}],"wp:featuredmedia":[{"embeddable":true,"href":"https:\/\/e-cosmeticos.com\/it\/wp-json\/wp\/v2\/media\/6640"}],"wp:attachment":[{"href":"https:\/\/e-cosmeticos.com\/it\/wp-json\/wp\/v2\/media?parent=6641"}],"wp:term":[{"taxonomy":"product_brand","embeddable":true,"href":"https:\/\/e-cosmeticos.com\/it\/wp-json\/wp\/v2\/product_brand?post=6641"},{"taxonomy":"product_cat","embeddable":true,"href":"https:\/\/e-cosmeticos.com\/it\/wp-json\/wp\/v2\/product_cat?post=6641"},{"taxonomy":"product_tag","embeddable":true,"href":"https:\/\/e-cosmeticos.com\/it\/wp-json\/wp\/v2\/product_tag?post=6641"}],"curies":[{"name":"wp","href":"https:\/\/api.w.org\/{rel}","templated":true}]}}