{"id":6699,"date":"2022-05-30T16:12:56","date_gmt":"2022-05-30T19:12:56","guid":{"rendered":"https:\/\/e-cosmeticos.com\/en\/?post_type=product&#038;p=6699"},"modified":"2026-01-20T12:54:17","modified_gmt":"2026-01-20T15:54:17","slug":"beauty-cocktails-cocomoca-1l","status":"publish","type":"product","link":"https:\/\/e-cosmeticos.com\/it\/prodotto\/beauty-cocktails-cocomoca-1l\/","title":{"rendered":"Cocktail di bellezza CocoMoca 1L"},"content":{"rendered":"<p>Beauty Cocktails CocoMoca promuove una potente azione anti-crespo, riduzione del volume ed effetto &quot;nutriente-sigillante&quot;. Formula esclusiva a base di caff\u00e8 verde e olio di cocco, con elevata capacit\u00e0 antiossidante e azione riparatrice istantanea.<\/p>\n<p>&nbsp;<\/p>\n<p><strong>Come usare<\/strong><\/p>\n<ol>\n<li>Apply the Beauty Cocktails CocoMoca to clean;<\/li>\n<li>Con l&#039;aiuto di un pennello per tinture per capelli, applicare il prodotto a mezzo centimetro dalle radici Strand by Strand, utilizzando un pettine a denti fini per una migliore distribuzione del prodotto. Lasciare agire per 40-60 minuti, secondo la necessit\u00e0 del filo.<\/li>\n<li>Terminata la pausa, accompagnare la cliente al lavabo per risciacquare i capelli rimuovendo solo l&#039;eccesso di prodotto per facilitare il completamento.<\/li>\n<li>wipe and dry hair completely with the help of a brush and a hair dryer.<\/li>\n<li>Iron with Nono-titanium hair straightener on fine Strandsabout 10 times in the average each Strand till sealing the strands.<\/li>\n<\/ol>\n<p>&nbsp;<\/p>\n<p><strong>Precautions<\/strong><\/p>\n<p>External Use. Professional use. Keep out of the reach of children in a place cool and dry. In case of contact with eyes, rinse with plenty of water. If irritation occurs, discontinue use and seek medical advice. Do not apply if the scalp shows irritation or abrasions. Do not use if you are allergic to any component of the formulation or if the product changes its appearance.<\/p>\n<p>&nbsp;<\/p>\n<p><strong>Prova di blocco<\/strong><\/p>\n<p>Fai sempre un test di blocco, anche se lo hai usato prima. Questo \u00e8 importante perch\u00e9 normalmente il capello subisce i pi\u00f9 svariati processi che possono danneggiarlo e renderlo fragile ed elastico. \u00c8 un segno che il capello non \u00e8 in grado di utilizzare il prodotto e che dovrebbe ricevere un altro tipo di trattamento.<\/p>\n<p>&nbsp;<\/p>","protected":false},"excerpt":{"rendered":"<p>Beauty Cocktails CocoMoca promuove una potente azione anti-crespo, riduzione del volume ed effetto &quot;nutriente-sigillante&quot;. Formula esclusiva a base di caff\u00e8 verde e olio di cocco, con elevata capacit\u00e0 antiossidante e azione riparatrice istantanea.<\/p>","protected":false},"featured_media":6698,"comment_status":"open","ping_status":"closed","template":"","meta":[],"product_brand":[],"product_cat":[623,491],"product_tag":[],"class_list":{"0":"post-6699","1":"product","2":"type-product","3":"status-publish","4":"has-post-thumbnail","6":"product_cat-hair","7":"product_cat-smoothing","9":"first","10":"instock","11":"taxable","12":"shipping-taxable","13":"purchasable","14":"product-type-simple"},"_links":{"self":[{"href":"https:\/\/e-cosmeticos.com\/it\/wp-json\/wp\/v2\/product\/6699","targetHints":{"allow":["GET"]}}],"collection":[{"href":"https:\/\/e-cosmeticos.com\/it\/wp-json\/wp\/v2\/product"}],"about":[{"href":"https:\/\/e-cosmeticos.com\/it\/wp-json\/wp\/v2\/types\/product"}],"replies":[{"embeddable":true,"href":"https:\/\/e-cosmeticos.com\/it\/wp-json\/wp\/v2\/comments?post=6699"}],"wp:featuredmedia":[{"embeddable":true,"href":"https:\/\/e-cosmeticos.com\/it\/wp-json\/wp\/v2\/media\/6698"}],"wp:attachment":[{"href":"https:\/\/e-cosmeticos.com\/it\/wp-json\/wp\/v2\/media?parent=6699"}],"wp:term":[{"taxonomy":"product_brand","embeddable":true,"href":"https:\/\/e-cosmeticos.com\/it\/wp-json\/wp\/v2\/product_brand?post=6699"},{"taxonomy":"product_cat","embeddable":true,"href":"https:\/\/e-cosmeticos.com\/it\/wp-json\/wp\/v2\/product_cat?post=6699"},{"taxonomy":"product_tag","embeddable":true,"href":"https:\/\/e-cosmeticos.com\/it\/wp-json\/wp\/v2\/product_tag?post=6699"}],"curies":[{"name":"wp","href":"https:\/\/api.w.org\/{rel}","templated":true}]}}