{"id":6736,"date":"2024-02-18T18:36:40","date_gmt":"2024-02-18T21:36:40","guid":{"rendered":"https:\/\/e-cosmeticos.com\/en\/?post_type=product&#038;p=6736"},"modified":"2026-01-20T13:00:32","modified_gmt":"2026-01-20T16:00:32","slug":"ovah-beauty-liposeal","status":"publish","type":"product","link":"https:\/\/e-cosmeticos.com\/it\/prodotto\/ovah-beauty-liposeal\/","title":{"rendered":"Liposeal di bellezza Ovah"},"content":{"rendered":"<div class=\"xdj266r x11i5rnm xat24cr x1mh8g0r x1vvkbs x126k92a\">\n<div dir=\"auto\">\u0647\u0648\u0627 \u0627\u0644\u0644\u064a\u0628\u0648\u0633\u064a\u0644 \u0645\u0639\u0646\u0627\u0647 \u0627\u064a\u0647 \u061f<\/div>\n<div dir=\"auto\">&#8211; \u0643\u0644\u0645\u0629 \u0644\u064a\u0628\u0648 = lipid = \u062f\u0647\u0648\u0646 = \u062f\u0647\u0648\u0646 \u0645\u0631\u0643\u0632\u0629 \u0645\u0634\u062a\u0642\u0629 \u0645\u0646 \u0627\u0644\u062e\u0636\u0631\u0627\u0648\u0627\u062a \u0639\u0628\u0627\u0631\u0629 \u0639\u0646 \u0646\u0638\u0627\u0645 \u0645\u062a\u0639\u062f\u062f \u0627\u0644\u0637\u0628\u0642\u0627\u062a (2.5\u066a) \u0643\u0648\u0644\u064a\u0633\u062a\u0631\u0648\u0644 (0.5\u066a) \u0648\u0623\u062d\u0645\u0627\u0636 \u062f\u0647\u0646\u064a\u0629 \u062d\u0631\u0629 \u0648\u0641\u0648\u0633\u0641\u0648 \u0644\u064a\u0628\u064a\u062f (1\u066a)<\/div>\n<div dir=\"auto\">&#8211; \u0643\u0644\u0645\u0629 seal = \u062a\u063a\u0644\u064a\u0641 = \u0647\u064a\u0643\u0644 \u062f\u0647\u0646\u064a \u062d\u0648\u0644\u064a\u0646 \u0634\u0639\u0631\u0643 ..<\/div>\n<div dir=\"auto\">\u0645\u0634 \u0645\u062d\u062a\u0627\u062c\u0629 \u062e\u0644\u0637\u0627\u062a \u0627\u0644\u062a\u0631\u0645\u064a\u0645 \u0648\u0627\u0644\u0644\u064a \u0627\u0633\u0627\u0633\u0647\u0627 \u0645\u062c\u0645\u0648\u0639\u0629 \u0632\u064a\u0648\u062a \u0627\u0644\u0645\u0627\u062f\u0629 \u062f\u0647 \u0641\u064a\u0647\u0627 \u0643\u0644 \u0627\u0646\u0648\u0627\u0639 \u0627\u0644\u062f\u0647\u0648\u0646 \u0627\u0644\u0644\u064a \u0645\u0645\u0643\u0646 \u062a\u062d\u062a\u0627\u062c\u064a\u0647\u0627 ..<\/div>\n<\/div>\n<div class=\"x11i5rnm xat24cr x1mh8g0r x1vvkbs xtlvy1s x126k92a\">\n<div dir=\"auto\">&#8211; \u0628\u062a\u062d\u062a\u0648\u064a \u0627\u0644\u0644\u064a\u0628\u0648\u0633\u064a\u0644 \u0643\u0645\u0627\u0646 \u0639\u0644\u0649 \u062e\u0644\u064a\u0637 \u0645\u0646 20 \u062d\u0645\u0636 \u0627\u0645\u064a\u0646\u064a \u0627\u0644\u0645\u0643\u0648\u0646 \u0627\u0644\u0627\u0633\u0627\u0633\u064a \u0644\u0644\u0628\u0631\u0648\u062a\u064a\u0646\u0627\u062a \u0639\u0634\u0627\u0646 \u064a\u062f\u064a \u0634\u0639\u0631\u0643 \u0627\u0644\u0642\u0648\u0629 &#8230;<\/div>\n<\/div>\n<div class=\"x11i5rnm xat24cr x1mh8g0r x1vvkbs xtlvy1s x126k92a\">\n<div dir=\"auto\">\u0628\u062a\u0639\u0645\u0644 \u0627\u064a\u0647 \u0627\u0644\u062f\u0647\u0648\u0646 \u0627\u0644\u0637\u0628\u0642\u064a\u0629 \u062f\u0647 \u061f<\/div>\n<div dir=\"auto\">\u0628\u062a\u062d\u0633\u0646 \u0645\u0638\u0647\u0631 \u0627\u0644\u0634\u0639\u0631 \u0627\u0644\u0628\u0627\u0647\u062a \u0645\u0646 \u062e\u0644\u0627\u0644 \u062a\u0623\u062b\u064a\u0631\u0627\u062a \u0627\u0644\u062a\u0631\u0637\u064a\u0628 \u0627\u0644\u0639\u0645\u064a\u0642 \u0648\u0625\u0645\u062f\u0627\u062f (\u0627\u0644\u062f\u0647\u0648\u0646 \u0627\u0644\u0634\u0628\u064a\u0647\u0629 \u0628\u0627\u0644\u0637\u0628\u064a\u0639\u064a\u0629) \u0644\u0633\u0637\u062d \u0627\u0644\u0634\u0639\u0631 \u0648\u062a\u063a\u0644\u064a\u0641 \u0637\u0628\u0642\u0629 \u0627\u0644\u0628\u0631\u0648\u062a\u064a\u0646\u0627\u062a .<\/div>\n<\/div>\n<div class=\"x11i5rnm xat24cr x1mh8g0r x1vvkbs xtlvy1s x126k92a\">\n<div dir=\"auto\">\u0645\u0631\u0627\u062d\u0644 \u0634\u0639\u0631\u0643 \u0628\u064a\u0645\u0631 \u0628\u064a\u0647\u0627 \u0648\u0627\u0646\u062a\u064a \u0645\u0634 \u0648\u0627\u062e\u062f\u0629 \u0628\u0627\u0644\u0643 :<\/div>\n<\/div>\n<div class=\"x11i5rnm xat24cr x1mh8g0r x1vvkbs xtlvy1s x126k92a\">\n<div dir=\"auto\">1- \u0644\u0645\u0627 \u062a\u0643\u0648\u0646 \u0627\u0644\u0634\u0639\u0631\u0629 dull \u0628\u0627\u0647\u062a\u0629 \u0645\u0644\u0647\u0627\u0634 \u0634\u0643\u0644 \u0628\u064a\u0643\u0648\u0646 \u062d\u0635\u0644\u0647\u0627 \u0627\u0633\u062a\u0646\u0641\u0627\u0630 \u0644\u0644\u062f\u0647\u0648\u0646 \u0627\u0644\u0637\u0628\u064a\u0639\u064a\u0629 \u0627\u0644\u0644\u064a \u0641\u064a\u0647\u0627 \u0645\u0646 \u0633\u0634\u0648\u0627\u0631 \u0627\u0648 \u0645\u0643\u0648\u0629 \u0627\u0648 \u0635\u0628\u063a\u0627\u062a \u0645\u062a\u0643\u0631\u0631\u0629 \u0627\u0648 \u0639\u062f\u0645 \u0627\u0633\u062a\u062e\u062f\u0627\u0645 \u0645\u0631\u0637\u0628\u0627\u062a \u0643\u0641\u0627\u064a\u0629 ..<\/div>\n<\/div>\n<div class=\"x11i5rnm xat24cr x1mh8g0r x1vvkbs xtlvy1s x126k92a\">\n<div dir=\"auto\">2- \u0628\u0639\u062f \u0645\u0631\u062d\u0644\u0629 \u0627\u0644\u0634\u0643\u0644 \u0627\u0644\u0628\u0627\u0647\u062a \u0627\u0646\u062a\u064a \u0641\u0627\u0643\u0631\u0629 \u0627\u0646\u0647\u0627 \u062d\u0627\u062c\u0629 \u0638\u0627\u0647\u0631\u064a\u0629 \u0644\u0643\u0646 \u0627\u0644\u0644\u064a \u0645\u062a\u0639\u0631\u0641\u064a\u0647\u0648\u0634 \u0627\u0646 \u0627\u0644\u0634\u0643\u0644 \u0627\u0644\u0628\u0627\u0647\u062a \u0647\u064a\u0648\u0635\u0644 \u0644\u062c\u0648\u0627 \u0627\u0644\u0634\u0639\u0631\u0629 \u0644\u0627\u0646 \u0637\u0628\u0642\u0629 \u0627\u0644\u062d\u0645\u0627\u064a\u0629 \u062d\u0635\u0644\u0647\u0627 \u0627\u0633\u062a\u0646\u0641\u0627\u0630 \u0643\u0627\u0645\u0644 \u0641\u0645\u0641\u064a\u0634 \u062d\u0627\u062c\u0629 \u062a\u062d\u0645\u064a \u0627\u0644\u0634\u0639\u0631 \u0628\u0627\u0644\u062a\u0627\u0644\u064a \u062a\u0643\u0633\u064a\u0631 \u0648\u062a\u0642\u0637\u064a\u0645<\/div>\n<\/div>\n<div class=\"x11i5rnm xat24cr x1mh8g0r x1vvkbs xtlvy1s x126k92a\">\n<div dir=\"auto\">\u064a\u0639\u0646\u064a \u0627\u064a\u0647 \u062a\u0631\u0645\u064a\u0645 \u061f<\/div>\n<div dir=\"auto\">\u064a\u0639\u0646\u064a \u0628\u062a\u062f\u064a \u0634\u0639\u0631\u0643 \u062d\u0627\u062c\u062a\u064a\u0646 (\u0642\u0648\u0629 + \u062a\u0631\u0637\u064a\u0628 )<\/div>\n<div dir=\"auto\">\u0642\u0648\u0629 \u0627\u0644\u0634\u0639\u0631 \u062a\u0631\u062c\u0645\u062a\u0647\u0627 \u0639\u0644\u0637\u0648\u0644 \u0628\u0631\u0648\u062a\u064a\u0646\u0627\u062a = \u0633\u0644\u0627\u0633\u0644 \u0627\u062d\u0645\u0627\u0636 \u0627\u0645\u064a\u0646\u064a\u0629<\/div>\n<div dir=\"auto\">\u062a\u0631\u0637\u064a\u0628 \u0627\u0644\u0634\u0639\u0631 \u062a\u0631\u062c\u0645\u062a\u0647\u0627 \u062d\u0627\u062c\u062a\u064a\u0646 :<\/div>\n<div dir=\"auto\">\u062f\u0647\u0648\u0646 (\u0648\u062f\u0647 \u0639\u0627\u0644\u0645 \u0643\u0628\u064a\u0631 \u0645\u062a\u0646\u0648\u0639 \u0641\u064a \u0627\u0644\u062a\u0631\u0643\u064a\u0628\u0627\u062a \u0648\u0628\u064a\u0634\u0645\u0644 \u0627\u0644\u0632\u064a\u0648\u062a \u0628\u0627\u0646\u0648\u0627\u0639\u0647\u0627 \u0627\u0644\u0645\u0634\u0628\u0639\u0629 \u0648\u0627\u0644\u063a\u064a\u0631 \u0645\u0634\u0628\u0639\u0629 )<\/div>\n<div dir=\"auto\">\u062a\u063a\u0644\u064a\u0641 \u064a\u0639\u0646\u064a \u0637\u0628\u0642\u0629 \u062a\u0627\u062e\u062f \u0648\u062a\u062f\u064a \u0645\u0639 \u0627\u0644\u0628\u064a\u0626\u0629 \u0627\u0644\u0645\u062d\u064a\u0637\u0629 \u0628\u0634\u0639\u0631\u0643 \u0648\u062a\u0645\u0646\u0639 \u0645\u0631\u0627\u062d\u0644 \u0627\u0644\u062a\u062f\u0645\u064a\u0631 ( \u0632\u064a \u0627\u0644\u0633\u064a\u0631\u0645 \u0648\u063a\u064a\u0631\u0647 )<\/div>\n<\/div>\n<div class=\"x11i5rnm xat24cr x1mh8g0r x1vvkbs xtlvy1s x126k92a\">\n<div dir=\"auto\"><a class=\"x1i10hfl xjbqb8w x1ejq31n xd10rxx x1sy0etr x17r0tee x972fbf xcfux6l x1qhh985 xm0m39n x9f619 x1ypdohk xt0psk2 xe8uvvx xdj266r x11i5rnm xat24cr x1mh8g0r xexx8yu x4uap5 x18d9i69 xkhd6sd x16tdsg8 x1hl2dhg xggy1nq x1a2a7pz xt0b8zv x1fey0fg xo1l8bm\" role=\"link\" href=\"https:\/\/www.facebook.com\/hashtag\/%D9%84%D9%8A%D8%A8%D9%88%D8%B3%D9%8A%D9%84?__eep__=6&amp;__cft__[0]=AZVb6NLAHrnUzQriuCXpbvPJyNSEnOkSrMkab0wTTe0Tzxx3XOVq26LF3tEyozvOdohncLZRNqO21UWbudRAEOaZ_rGO3rp0ZZEA0B-qa7gPiPQOUgBtklewfDncqL5D9D2gbeSA3emOyMczKWU12NQ1m07m_XAJ9Otr2yXwm9tR__0I9ocDqY10Kz3dD_uA69A&amp;__tn__=*NK-R\">#\u0644\u064a\u0628\u0648\u0633\u064a\u0644<\/a> = (\u062a\u0631\u0637\u064a\u0628 \u062a\u0631\u0645\u064a\u0645 + \u0642\u0648\u0629 )<\/div>\n<\/div>","protected":false},"excerpt":{"rendered":"<div dir=\"auto\">\u0641\u0648\u0627\u0626\u062f \u0627\u0644\u0644\u064a\u0628\u0648\u0633\u064a\u0644 \u0644\u0644\u0634\u0639\u0631 <span class=\"x3nfvp2 x1j61x8r x1fcty0u xdj266r xhhsvwb xat24cr xgzva0m xxymvpz xlup9mm x1kky2od\"><img decoding=\"async\" class=\"xz74otr\" src=\"https:\/\/static.xx.fbcdn.net\/images\/emoji.php\/v9\/t2\/1\/16\/1f60d.png\" alt=\"\ud83d\ude0d\" width=\"16\" height=\"16\" \/><\/span><span class=\"x3nfvp2 x1j61x8r x1fcty0u xdj266r xhhsvwb xat24cr xgzva0m xxymvpz xlup9mm x1kky2od\"><img decoding=\"async\" class=\"xz74otr\" src=\"https:\/\/static.xx.fbcdn.net\/images\/emoji.php\/v9\/t2\/1\/16\/1f60d.png\" alt=\"\ud83d\ude0d\" width=\"16\" height=\"16\" \/><\/span><\/div>\n<div dir=\"auto\">\u064a\u0642\u0648\u064a \u0627\u0644\u0634\u0639\u0631 <span class=\"x3nfvp2 x1j61x8r x1fcty0u xdj266r xhhsvwb xat24cr xgzva0m xxymvpz xlup9mm x1kky2od\"><img decoding=\"async\" class=\"xz74otr\" src=\"https:\/\/static.xx.fbcdn.net\/images\/emoji.php\/v9\/t33\/1\/16\/2705.png\" alt=\"\u2705\" width=\"16\" height=\"16\" \/><\/span><\/div>\n<div dir=\"auto\">\u064a\u0639\u064a\u062f \u0628\u0646\u0627\u0624\u0647 <span class=\"x3nfvp2 x1j61x8r x1fcty0u xdj266r xhhsvwb xat24cr xgzva0m xxymvpz xlup9mm x1kky2od\"><img decoding=\"async\" class=\"xz74otr\" src=\"https:\/\/static.xx.fbcdn.net\/images\/emoji.php\/v9\/t33\/1\/16\/2705.png\" alt=\"\u2705\" width=\"16\" height=\"16\" \/><\/span><\/div>\n<div dir=\"auto\">\u064a\u0642\u0636\u064a \u0639\u0644\u0649 \u0627\u0644\u0647\u064a\u0634\u0627\u0646 <span class=\"x3nfvp2 x1j61x8r x1fcty0u xdj266r xhhsvwb xat24cr xgzva0m xxymvpz xlup9mm x1kky2od\"><img decoding=\"async\" class=\"xz74otr\" src=\"https:\/\/static.xx.fbcdn.net\/images\/emoji.php\/v9\/t33\/1\/16\/2705.png\" alt=\"\u2705\" width=\"16\" height=\"16\" \/><\/span><\/div>\n<div dir=\"auto\">\u064a\u0639\u0648\u0636 \u0646\u0642\u0635 \u0627\u0644\u0631\u0637\u0648\u0628\u0629 \u0641\u064a \u0627\u0644\u0634\u0639\u0631<span class=\"x3nfvp2 x1j61x8r x1fcty0u xdj266r xhhsvwb xat24cr xgzva0m xxymvpz xlup9mm x1kky2od\"><img decoding=\"async\" class=\"xz74otr\" src=\"https:\/\/static.xx.fbcdn.net\/images\/emoji.php\/v9\/t33\/1\/16\/2705.png\" alt=\"\u2705\" width=\"16\" height=\"16\" \/><\/span><\/div>\n<div dir=\"auto\">\u0644\u0627 \u064a\u062d\u062a\u0627\u062c \u0627\u0644\u0634\u0639\u0631 \u0644\u0644\u062a\u062c\u0641\u064a\u0641 \u0628\u0639\u062f\u0647 \u0628\u0627\u0644\u0633\u0634\u0648\u0627\u0631 <span class=\"x3nfvp2 x1j61x8r x1fcty0u xdj266r xhhsvwb xat24cr xgzva0m xxymvpz xlup9mm x1kky2od\"><img decoding=\"async\" class=\"xz74otr\" src=\"https:\/\/static.xx.fbcdn.net\/images\/emoji.php\/v9\/t33\/1\/16\/2705.png\" alt=\"\u2705\" width=\"16\" height=\"16\" \/><\/span><\/div>\n<div dir=\"auto\">\u064a\u063a\u0633\u0644 \u0627\u0644\u0634\u0639\u0631 \u0628\u0639\u062f \u0661\u0660 \u062f\u0642\u0627\u0626\u0642 \u0645\u0646 \u0627\u0644\u062c\u0644\u0633\u0629 <span class=\"x3nfvp2 x1j61x8r x1fcty0u xdj266r xhhsvwb xat24cr xgzva0m xxymvpz xlup9mm x1kky2od\"><img decoding=\"async\" class=\"xz74otr\" src=\"https:\/\/static.xx.fbcdn.net\/images\/emoji.php\/v9\/t33\/1\/16\/2705.png\" alt=\"\u2705\" width=\"16\" height=\"16\" \/><\/span><\/div>\n<div dir=\"auto\">Il modo in cui l&#039;utente \u00e8 interessato a farlo \u00e8 un&#039;attivit\u00e0 di successo \u0639\u0644\u0649 \u0627\u0644\u0641\u0631\u062f \u0627\u0648 \u0627\u0644\u0639\u0644\u0627\u062c <span class=\"x3nfvp2 x1j61x8r x1fcty0u xdj266r xhhsvwb xat24cr xgzva0m xxymvpz xlup9mm x1kky2od\"><img decoding=\"async\" class=\"xz74otr\" src=\"https:\/\/static.xx.fbcdn.net\/images\/emoji.php\/v9\/t33\/1\/16\/2705.png\" alt=\"\u2705\" width=\"16\" height=\"16\" \/><\/span><\/div>\n<div dir=\"auto\">\u0645\u062c\u0631\u0628 \u0645\u0646 \u062e\u0628\u0631\u0627\u0621 \u0628\u062d\u0648\u062b \u0639\u0644\u0645 \u0627\u0644\u0634\u0639\u0631 \u062a\u0631\u0627\u064a\u0643\u0648\u0644\u0648\u062c\u064a\u0633\u062a <span class=\"x3nfvp2 x1j61x8r x1fcty0u xdj266r xhhsvwb xat24cr xgzva0m xxymvpz xlup9mm x1kky2od\"><img decoding=\"async\" class=\"xz74otr\" src=\"https:\/\/static.xx.fbcdn.net\/images\/emoji.php\/v9\/t9d\/1\/16\/1f97c.png\" alt=\"\ud83e\udd7c\" width=\"16\" height=\"16\" \/><\/span><span class=\"x3nfvp2 x1j61x8r x1fcty0u xdj266r xhhsvwb xat24cr xgzva0m xxymvpz xlup9mm x1kky2od\"><img decoding=\"async\" class=\"xz74otr\" src=\"https:\/\/static.xx.fbcdn.net\/images\/emoji.php\/v9\/t9d\/1\/16\/1f97c.png\" alt=\"\ud83e\udd7c\" width=\"16\" height=\"16\" \/><\/span><span class=\"x3nfvp2 x1j61x8r x1fcty0u xdj266r xhhsvwb xat24cr xgzva0m xxymvpz xlup9mm x1kky2od\"><img decoding=\"async\" class=\"xz74otr\" src=\"https:\/\/static.xx.fbcdn.net\/images\/emoji.php\/v9\/tcd\/1\/16\/1f489.png\" alt=\"\ud83d\udc89\" width=\"16\" height=\"16\" \/><\/span><span class=\"x3nfvp2 x1j61x8r x1fcty0u xdj266r xhhsvwb xat24cr xgzva0m xxymvpz xlup9mm x1kky2od\"><img decoding=\"async\" class=\"xz74otr\" src=\"https:\/\/static.xx.fbcdn.net\/images\/emoji.php\/v9\/tf5\/1\/16\/1f48a.png\" alt=\"\ud83d\udc8a\" width=\"16\" height=\"16\" \/><\/span><span class=\"x3nfvp2 x1j61x8r x1fcty0u xdj266r xhhsvwb xat24cr xgzva0m xxymvpz xlup9mm x1kky2od\"><img decoding=\"async\" class=\"xz74otr\" src=\"https:\/\/static.xx.fbcdn.net\/images\/emoji.php\/v9\/tc3\/1\/16\/1fa7a.png\" alt=\"\ud83e\ude7a\" width=\"16\" height=\"16\" \/><\/span><\/div>\n<div dir=\"auto\">\u0644\u0627\u064a\u0633\u0628\u0628 \u0642\u0634\u0631\u0629 <span class=\"x3nfvp2 x1j61x8r x1fcty0u xdj266r xhhsvwb xat24cr xgzva0m xxymvpz xlup9mm x1kky2od\"><img decoding=\"async\" class=\"xz74otr\" src=\"https:\/\/static.xx.fbcdn.net\/images\/emoji.php\/v9\/t33\/1\/16\/2705.png\" alt=\"\u2705\" width=\"16\" height=\"16\" \/><\/span><\/div>\n<div dir=\"auto\">\u0644\u0627\u064a\u0633\u0628\u0628 \u062d\u0631\u0642\u0627\u0646 \u0641\u064a \u0627\u0644\u0639\u064a\u0646 \u0648\u0627\u0644\u0627\u0646\u0641 <span class=\"x3nfvp2 x1j61x8r x1fcty0u xdj266r xhhsvwb xat24cr xgzva0m xxymvpz xlup9mm x1kky2od\"><img decoding=\"async\" class=\"xz74otr\" src=\"https:\/\/static.xx.fbcdn.net\/images\/emoji.php\/v9\/t33\/1\/16\/2705.png\" alt=\"\u2705\" width=\"16\" height=\"16\" \/><\/span><\/div>\n<div dir=\"auto\">\u0644\u0627\u064a\u062d\u062a\u0648\u064a \u0639\u0644\u0649 \u0627\u0644\u0641\u0648\u0645\u0627\u0644\u062f\u0647\u064a\u062f e \u0645\u0634\u062a\u0642\u0627\u062a\u0647 <span class=\"x3nfvp2 x1j61x8r x1fcty0u xdj266r xhhsvwb xat24cr xgzva0m xxymvpz xlup9mm x1kky2od\"><img decoding=\"async\" class=\"xz74otr\" src=\"https:\/\/static.xx.fbcdn.net\/images\/emoji.php\/v9\/t33\/1\/16\/2705.png\" alt=\"\u2705\" width=\"16\" height=\"16\" \/><\/span><\/div>\n<div dir=\"auto\">\u064a\u062d\u062a\u0648\u064a \u0639\u0644\u0649 \u0627\u0647\u0645 \u0666 \u0639\u0646\u0627\u0635\u0631 \u0644\u0634\u0639\u0631\u0643<\/div>\n<div dir=\"auto\">(\u062f\u0647\u0648\u0646 \u060c\u0641\u064a\u062a\u0627\u0645\u064a\u0646\u0627\u062a\u060c \u0645\u0639\u0627\u062f\u0646, \u0628\u0631\u0648\u062a\u064a\u0646\u0627\u062a, \u0645\u0648\u0627\u062f \u0644\u0644\u062a\u0631\u0637\u064a\u0628, \u0645\u0648\u0627\u062f \u0645\u0627\u0646\u0639\u0629 \u0644\u0644\u0627\u0643\u0633\u062f\u0629 )<span class=\"x3nfvp2 x1j61x8r x1fcty0u xdj266r xhhsvwb xat24cr xgzva0m xxymvpz xlup9mm x1kky2od\"><img decoding=\"async\" class=\"xz74otr\" src=\"https:\/\/static.xx.fbcdn.net\/images\/emoji.php\/v9\/t33\/1\/16\/2705.png\" alt=\"\u2705\" width=\"16\" height=\"16\" \/><\/span><\/div>\n<div dir=\"auto\">\u064a\u062c\u0639\u0644 \u0633\u0644\u0627\u0633\u0644 \u0627\u0644\u0627\u062d\u0645\u0627\u0636 \u0627\u0644\u0627\u0645\u064a\u0646\u064a\u0629 \u0641\u064a \u0627\u0644\u0634\u0639\u0631 \u0645\u062b\u0644 \u0633\u0644\u0627\u0633\u0644 \u0627\u0644\u0630\u0647\u0628 <span class=\"x3nfvp2 x1j61x8r x1fcty0u xdj266r xhhsvwb xat24cr xgzva0m xxymvpz xlup9mm x1kky2od\"><img decoding=\"async\" class=\"xz74otr\" src=\"https:\/\/static.xx.fbcdn.net\/images\/emoji.php\/v9\/t33\/1\/16\/2705.png\" alt=\"\u2705\" width=\"16\" height=\"16\" \/><\/span><\/div>\n<div dir=\"auto\">Gestione dei costi e delle risorse umane <span class=\"x3nfvp2 x1j61x8r x1fcty0u xdj266r xhhsvwb xat24cr xgzva0m xxymvpz xlup9mm x1kky2od\"><img decoding=\"async\" class=\"xz74otr\" src=\"https:\/\/static.xx.fbcdn.net\/images\/emoji.php\/v9\/t33\/1\/16\/2705.png\" alt=\"\u2705\" width=\"16\" height=\"16\" \/><\/span><\/div>","protected":false},"featured_media":6737,"comment_status":"open","ping_status":"closed","template":"","meta":[],"product_brand":[],"product_cat":[623,491],"product_tag":[],"class_list":{"0":"post-6736","1":"product","2":"type-product","3":"status-publish","4":"has-post-thumbnail","6":"product_cat-hair","7":"product_cat-smoothing","9":"first","10":"instock","11":"sale","12":"taxable","13":"shipping-taxable","14":"purchasable","15":"product-type-simple"},"_links":{"self":[{"href":"https:\/\/e-cosmeticos.com\/it\/wp-json\/wp\/v2\/product\/6736","targetHints":{"allow":["GET"]}}],"collection":[{"href":"https:\/\/e-cosmeticos.com\/it\/wp-json\/wp\/v2\/product"}],"about":[{"href":"https:\/\/e-cosmeticos.com\/it\/wp-json\/wp\/v2\/types\/product"}],"replies":[{"embeddable":true,"href":"https:\/\/e-cosmeticos.com\/it\/wp-json\/wp\/v2\/comments?post=6736"}],"wp:featuredmedia":[{"embeddable":true,"href":"https:\/\/e-cosmeticos.com\/it\/wp-json\/wp\/v2\/media\/6737"}],"wp:attachment":[{"href":"https:\/\/e-cosmeticos.com\/it\/wp-json\/wp\/v2\/media?parent=6736"}],"wp:term":[{"taxonomy":"product_brand","embeddable":true,"href":"https:\/\/e-cosmeticos.com\/it\/wp-json\/wp\/v2\/product_brand?post=6736"},{"taxonomy":"product_cat","embeddable":true,"href":"https:\/\/e-cosmeticos.com\/it\/wp-json\/wp\/v2\/product_cat?post=6736"},{"taxonomy":"product_tag","embeddable":true,"href":"https:\/\/e-cosmeticos.com\/it\/wp-json\/wp\/v2\/product_tag?post=6736"}],"curies":[{"name":"wp","href":"https:\/\/api.w.org\/{rel}","templated":true}]}}